{"id":465,"date":"2025-09-22T08:04:20","date_gmt":"2025-09-22T06:04:20","guid":{"rendered":"https:\/\/iport.hu\/officeone\/?post_type=product&#038;p=465"},"modified":"2025-10-05T17:07:54","modified_gmt":"2025-10-05T15:07:54","slug":"cf259x-crg057h","status":"publish","type":"product","link":"https:\/\/iport.hu\/officeone\/termek\/cf259x-crg057h\/","title":{"rendered":"CF259X\/CRG057H"},"content":{"rendered":"<p>Az al\u00e1bbi nyomtat\u00f3kba haszn\u00e1lhat\u00f3:<\/p>\n<p>HP LaserJet Pro M304a, HP LaserJet Pro M404dn, HP LaserJet Pro M404dw, HP LaserJet Pro M404n, HP LaserJet Pro M428fdn MFP, HP LaserJet Pro M428fdw MFP, HP LaserJet Pro M428dw MFP<\/p>\n","protected":false},"excerpt":{"rendered":"<p>Az al\u00e1bbi nyomtat\u00f3kba haszn\u00e1lhat\u00f3: HP LaserJet Pro M304a, HP LaserJet Pro M404dn, HP LaserJet Pro M404dw, HP LaserJet Pro M404n, HP LaserJet Pro M428fdn MFP, HP LaserJet Pro M428fdw MFP, HP LaserJet Pro M428dw MFP<\/p>\n","protected":false},"featured_media":929,"template":"","meta":{"_et_pb_use_builder":"","_et_pb_old_content":"","_et_gb_content_width":""},"product_brand":[],"product_cat":[19],"product_tag":[],"class_list":{"0":"post-465","1":"product","2":"type-product","3":"status-publish","4":"has-post-thumbnail","6":"product_cat-lezertoner","8":"first","9":"instock","10":"shipping-taxable","11":"purchasable","12":"product-type-simple"},"_links":{"self":[{"href":"https:\/\/iport.hu\/officeone\/wp-json\/wp\/v2\/product\/465","targetHints":{"allow":["GET"]}}],"collection":[{"href":"https:\/\/iport.hu\/officeone\/wp-json\/wp\/v2\/product"}],"about":[{"href":"https:\/\/iport.hu\/officeone\/wp-json\/wp\/v2\/types\/product"}],"wp:featuredmedia":[{"embeddable":true,"href":"https:\/\/iport.hu\/officeone\/wp-json\/wp\/v2\/media\/929"}],"wp:attachment":[{"href":"https:\/\/iport.hu\/officeone\/wp-json\/wp\/v2\/media?parent=465"}],"wp:term":[{"taxonomy":"product_brand","embeddable":true,"href":"https:\/\/iport.hu\/officeone\/wp-json\/wp\/v2\/product_brand?post=465"},{"taxonomy":"product_cat","embeddable":true,"href":"https:\/\/iport.hu\/officeone\/wp-json\/wp\/v2\/product_cat?post=465"},{"taxonomy":"product_tag","embeddable":true,"href":"https:\/\/iport.hu\/officeone\/wp-json\/wp\/v2\/product_tag?post=465"}],"curies":[{"name":"wp","href":"https:\/\/api.w.org\/{rel}","templated":true}]}}